{"id":1883,"date":"2019-01-09T18:59:39","date_gmt":"2019-01-09T18:59:39","guid":{"rendered":"https:\/\/roscatowines.ca\/privacy-policy\/"},"modified":"2022-02-04T10:28:11","modified_gmt":"2022-02-04T10:28:11","slug":"privacy-policy","status":"publish","type":"page","link":"https:\/\/www.roscatowines.ca\/fr\/privacy-policy\/","title":{"rendered":"Privacy Policy"},"content":{"rendered":"\r\n<h2 class=\"wp-block-heading\">Qui nous sommes<\/h2>\r\n\r\n\r\n\r\n<p>L\u2019adresse de notre site Web est: https:\/\/roscatowines.ca.<\/p>\r\n\r\n\r\n\r\n<h2 class=\"wp-block-heading\">Quelles donn\u00e9es personnelles nous recueillons et pourquoi nous les recueillons.<\/h2>\r\n\r\n\r\n\r\n<h3 class=\"wp-block-heading\">Commentaires<\/h3>\r\n\r\n\r\n\r\n<p>Lorsque les visiteurs laissent des commentaires sur le site, nous recueillons les donn\u00e9es indiqu\u00e9es dans le formulaire de commentaires, ainsi que la cha\u00eene de l\u2019agent utilisateur du navigateur d\u2019adresse IP du visiteur pour aider la d\u00e9tection de spam.<\/p>\r\n\r\n\r\n\r\n<p>Une cha\u00eene anonymis\u00e9e cr\u00e9\u00e9e \u00e0 partir de votre adresse e-mail (\u00e9galement appel\u00e9e hash) peut \u00eatre fournie au service Gravatar pour voir si vous l\u2019utilisez. La politique de confidentialit\u00e9 du service Gravatar est disponible ici: https:\/\/automatic.com\/privacy\/. Apr\u00e8s l\u2019approbation de votre commentaire, votre photo de profil est visible pour le public dans le contexte de votre commentaire.<\/p>\r\n\r\n\r\n\r\n<h3 class=\"wp-block-heading\">Media<\/h3>\r\n\r\n\r\n\r\n<p>Si vous t\u00e9l\u00e9chargez des images sur le site Web, vous devriez \u00e9viter de t\u00e9l\u00e9charger des images avec des donn\u00e9es de localisation int\u00e9gr\u00e9es (EXIP GPS) incluses. Les visiteurs du site Web peuvent t\u00e9l\u00e9charger et extraire des donn\u00e9es de localisation \u00e0 partir d\u2019images sur le site Web.<\/p>\r\n\r\n\r\n\r\n<h3 class=\"wp-block-heading\">Formulaires de contact<\/h3>\r\n\r\n\r\n\r\n<h3 class=\"wp-block-heading\">Cookies<\/h3>\r\n\r\n\r\n\r\n<p>Si vous laissez un commentaire sur notre site, vous pouvez choisir d\u2019enregistrer votre nom, votre adresse e-mail et votre site web dans des cookies. Ceux-ci sont pour votre commodit\u00e9 afin que vous ne devrez pas remplir vos d\u00e9tails \u00e0 nouveau lorsque vous laissez un autre commentaire. Ces cookies dureront un an.<\/p>\r\n\r\n\r\n\r\n<p>Si vous avez un compte et que vous vous connectez \u00e0 ce site, nous mettrons en place un cookie temporaire pour d\u00e9terminer si votre navigateur accepte les cookies. Ce cookie ne contient aucune donn\u00e9e personnelle et est supprim\u00e9 lorsque vous fermez votre navigateur.<\/p>\r\n\r\n\r\n\r\n<p>Lorsque vous vous connectez, nous configurons \u00e9galement plusieurs cookies pour enregistrer vos informations de connexion et vos choix d\u2019affichage \u00e0 l&#8217;\u00e9cran. Les t\u00e9moins d\u2019ouverture de session durent deux jours et t\u00e9moins d\u2019options d&#8217;\u00e9cran durent un an. Si vous s\u00e9lectionnez \u201cSe souvenir de moi\u201d, votre p\u00e9riode d\u2019ouverture de session durera deux semaines. Si vous vous d\u00e9connectez de votre compte, les cookies de connexion seront supprim\u00e9s.<\/p>\r\n\r\n\r\n\r\n<p>Si vous \u00e9ditez ou publiez un article, un cookie suppl\u00e9mentaire sera enregistr\u00e9 dans votre navigateur. Ce cookie n\u2019inclut pas de donn\u00e9es personnelles et indique simplement l&#8217;identifiant de l\u2019article que vous venez de modifier. Il expire apr\u00e8s 1 jour.<\/p>\r\n\r\n\r\n\r\n<h3 class=\"wp-block-heading\">Contenu int\u00e9gr\u00e9 provenant d\u2019autres sites Web<\/h3>\r\n\r\n\r\n\r\n<p>Les articles sur ce site peuvent inclure du contenu int\u00e9gr\u00e9 (p. Ex. vid\u00e9os, images, articles, etc.). Le contenu int\u00e9gr\u00e9 d\u2019autres sites Web se comporte exactement de la m\u00eame mani\u00e8re que si le visiteur a visit\u00e9 l\u2019autre site Web.<\/p>\r\n\r\n\r\n\r\n<p>Ces sites Web peuvent collecter des donn\u00e9es vous concernant, utiliser des cookies, int\u00e9grer un suivi tiers suppl\u00e9mentaire et surveiller votre interaction avec ce contenu int\u00e9gr\u00e9, y compris le suivi de votre interaction avec le contenu int\u00e9gr\u00e9 si vous avez un compte et \u00eates connect\u00e9 \u00e0 ce site Web.<\/p>\r\n\r\n\r\n\r\n<h3 class=\"wp-block-heading\">Analyse<\/h3>\r\n\r\n\r\n\r\n<h2 class=\"wp-block-heading\">Avec qui nous partageons vos donn\u00e9es<\/h2>\r\n<h2>Dur\u00e9e de conservation de vos donn\u00e9es<\/h2>\r\n\r\n\r\n\r\n<p>Si vous laissez un commentaire, le commentaire et ses m\u00e9tadonn\u00e9es sont conserv\u00e9s ind\u00e9finiment. C\u2019est pour que nous puissions reconna\u00eetre et approuver automatiquement les commentaires de suivi au lieu de les maintenir dans une file d\u2019attente de mod\u00e9ration.<\/p>\r\n\r\n\r\n\r\n<p>Pour les utilisateurs qui s\u2019inscrivent sur notre site Web (le cas \u00e9ch\u00e9ant), nous conservons \u00e9galement les renseignements personnels qu\u2019ils fournissent dans leur profil d\u2019utilisateur. Tous les utilisateurs peuvent voir, modifier ou supprimer leurs informations personnelles \u00e0 tout moment (sauf s\u2019ils ne peuvent pas changer leur nom d\u2019utilisateur). Les administrateurs du site Web peuvent \u00e9galement voir et modifier cette information.<\/p>\r\n\r\n\r\n\r\n<h2 class=\"wp-block-heading\">Quels droits vous avez sur vos donn\u00e9es<\/h2>\r\n\r\n\r\n\r\n<p>Si vous avez un compte sur ce site, ou avez laiss\u00e9 des commentaires, vous pouvez demander \u00e0 recevoir un fichier export\u00e9 des donn\u00e9es personnelles que nous d\u00e9tenons \u00e0 votre sujet, y compris les donn\u00e9es que vous nous avez fournies. Vous pouvez \u00e9galement nous demander d&#8217;effacer toutes les donn\u00e9es personnelles que nous d\u00e9tenons \u00e0 votre sujet. Cela ne comprend pas les donn\u00e9es que nous sommes tenus de conserver \u00e0 des fins administratives, juridiques, ou de s\u00e9curit\u00e9.<\/p>\r\n\r\n\r\n\r\n<h2 class=\"wp-block-heading\">O\u00f9 nous envoyons vos donn\u00e9es<\/h2>\r\n\r\n\r\n\r\n<p>Les commentaires des visiteurs peuvent \u00eatre v\u00e9rifi\u00e9s par un service automatis\u00e9 de d\u00e9tection de spam.<\/p>\r\n\r\n\r\n\r\n<h2 class=\"wp-block-heading\">Vos coordonn\u00e9es<\/h2>\r\n\r\n\r\n\r\n<h2 class=\"wp-block-heading\">Informations suppl\u00e9mentaires<\/h2>\r\n\r\n\r\n\r\n<h3 class=\"wp-block-heading\">Comment nous prot\u00e9geons vos donn\u00e9es<\/h3>\r\n\r\n\r\n\r\n<h3 class=\"wp-block-heading\">Quelles proc\u00e9dures de violation de donn\u00e9es nous avons en place<\/h3>\r\n\r\n\r\n\r\n<h3 class=\"wp-block-heading\">Quels tiers nous transmettent les donn\u00e9es<\/h3>\r\n\r\n\r\n\r\n<h3 class=\"wp-block-heading\">Que faisons-nous de la prise de d\u00e9cisions automatis\u00e9e et\/ou du profilage avec les donn\u00e9es des utilisateurs<\/h3>\r\n\r\n\r\n\r\n<h3 class=\"wp-block-heading\">Exigences de divulgation r\u00e9glementaire de l\u2019industrie<\/h3>\r\n","protected":false},"excerpt":{"rendered":"<p>Qui nous sommes L\u2019adresse de notre site Web est: https:\/\/roscatowines.ca. Quelles donn\u00e9es personnelles nous recueillons et pourquoi nous les recueillons. Commentaires Lorsque les visiteurs laissent des commentaires sur le site, nous recueillons les donn\u00e9es indiqu\u00e9es dans le formulaire de commentaires, ainsi que la cha\u00eene de l\u2019agent utilisateur du navigateur d\u2019adresse IP du visiteur pour aider [&hellip;]<\/p>\n","protected":false},"author":5,"featured_media":0,"parent":0,"menu_order":0,"comment_status":"closed","ping_status":"open","template":"","meta":{"_acf_changed":false,"footnotes":""},"class_list":["post-1883","page","type-page","status-publish","hentry"],"acf":[],"_links":{"self":[{"href":"https:\/\/www.roscatowines.ca\/fr\/wp-json\/wp\/v2\/pages\/1883","targetHints":{"allow":["GET"]}}],"collection":[{"href":"https:\/\/www.roscatowines.ca\/fr\/wp-json\/wp\/v2\/pages"}],"about":[{"href":"https:\/\/www.roscatowines.ca\/fr\/wp-json\/wp\/v2\/types\/page"}],"author":[{"embeddable":true,"href":"https:\/\/www.roscatowines.ca\/fr\/wp-json\/wp\/v2\/users\/5"}],"replies":[{"embeddable":true,"href":"https:\/\/www.roscatowines.ca\/fr\/wp-json\/wp\/v2\/comments?post=1883"}],"version-history":[{"count":0,"href":"https:\/\/www.roscatowines.ca\/fr\/wp-json\/wp\/v2\/pages\/1883\/revisions"}],"wp:attachment":[{"href":"https:\/\/www.roscatowines.ca\/fr\/wp-json\/wp\/v2\/media?parent=1883"}],"curies":[{"name":"wp","href":"https:\/\/api.w.org\/{rel}","templated":true}]}}